{"id":3398,"date":"2025-07-12T08:52:27","date_gmt":"2025-07-12T08:52:27","guid":{"rendered":"https:\/\/www.across-spain.es\/?page_id=3398"},"modified":"2025-07-12T09:02:57","modified_gmt":"2025-07-12T09:02:57","slug":"disclaimer","status":"publish","type":"page","link":"https:\/\/www.across-spain.es\/es\/disclaimer\/","title":{"rendered":"Descargo de responsabilidad"},"content":{"rendered":"<div data-elementor-type=\"wp-page\" data-elementor-id=\"3398\" class=\"elementor elementor-3398\">\n\t\t\t\t<div class=\"elementor-element elementor-element-b8e7664 e-flex e-con-boxed e-con e-parent\" data-id=\"b8e7664\" data-element_type=\"container\" data-e-type=\"container\" data-settings=\"{&quot;background_background&quot;:&quot;classic&quot;}\">\n\t\t\t\t\t<div class=\"e-con-inner\">\n\t\t\t\t<div class=\"elementor-element elementor-element-6a7030a elementor-widget elementor-widget-heading\" data-id=\"6a7030a\" data-element_type=\"widget\" data-e-type=\"widget\" data-widget_type=\"heading.default\">\n\t\t\t\t<div class=\"elementor-widget-container\">\n\t\t\t\t\t<h1 class=\"elementor-heading-title elementor-size-default\">Descargo de responsabilidad<\/h1>\t\t\t\t<\/div>\n\t\t\t\t<\/div>\n\t\t\t\t\t<\/div>\n\t\t\t\t<\/div>\n\t\t<div class=\"elementor-element elementor-element-7f03aae e-flex e-con-boxed e-con e-parent\" data-id=\"7f03aae\" data-element_type=\"container\" data-e-type=\"container\">\n\t\t\t\t\t<div class=\"e-con-inner\">\n\t\t<div class=\"elementor-element elementor-element-aebc527 e-con-full e-flex e-con e-child\" data-id=\"aebc527\" data-element_type=\"container\" data-e-type=\"container\">\n\t\t\t\t<div class=\"elementor-element elementor-element-66b8ae1 elementor-widget elementor-widget-text-editor\" data-id=\"66b8ae1\" data-element_type=\"widget\" data-e-type=\"widget\" data-widget_type=\"text-editor.default\">\n\t\t\t\t<div class=\"elementor-widget-container\">\n\t\t\t\t\t\t\t\t\t<p>El presente website es de la titularidad de ACROSS SPAIN S.L inscrita en el Registro Mercantil de Madrid con el n\u00famero de registro 355296 T20124 L0 S8 y con domicilio en Madrid en C\/ Arlab\u00e1n, 7, CIF n\u00ba B-84011675 y direcci\u00f3n de correo electr\u00f3nico: info@across-spain.es<\/p><p><strong>condiciones de uso<\/strong><\/p><p>Quien acceda al sitio web de ACROSS SPAIN (usuario) lo hace bajo su exclusiva responsabilidad y con plena aceptaci\u00f3n de las presentes condiciones de uso as\u00ed como de cualquier otra que se haga constar en el mismo y se compromete a realizar un uso leal de los servicios, medios e informaci\u00f3n que se ponen a su alcance comprometi\u00e9ndose a no realizar ninguna actividad il\u00edcita, ilegal o contraria a la buena fe, los usos com\u00fanmente aceptados y el orden p\u00fablico.<\/p><p>El usuario responder\u00e1 de los da\u00f1os y perjuicios de toda naturaleza que ACROSS SPAIN pueda sufrir como consecuencia del incumplimiento de cualquiera de las obligaciones a las que queda sometido por las presentes condiciones.<\/p><p>Especialmente el usuario se compromete a<\/p><ul class=\"wp-block-list\"><li>No realizar ninguna actividad que pueda perjudicar directa o indirectamente a ACROSS SPAIN o al uso y acceso al presente web site<\/li><li>No reproducir, distribuir ni modificar los contenidos del presente website sin la debida autorizaci\u00f3n, ni vulnerar ning\u00fan derecho sobre los mismos pertenecientes a ACROSS SPAIN o a sus leg\u00edtimos titulares<\/li><li>No utilizar los contenidos de este website con fines comerciales o publicitarios.<\/li><li>No tratar de acceder a los contenidos del website empleando medios o procedimientos diferentes a los puestos a su disposici\u00f3n al efecto o a los habitualmente empleados en la red siempre que no entra\u00f1en un riesgo para el website.<\/li><\/ul><p>ACROSS SPAIN se reserva el derecho a modificar unilateralmente y en cualquier momento las condiciones de uso de su sitio web reserv\u00e1ndose igualmente el derecho a suspender, interrumpir o dejar sin funcionamiento su sitio web o cualquiera de los contenidos, informaci\u00f3n o servicios que en \u00e9l se prestan as\u00ed como las condiciones de acceso a los mismos. Los servicios y contenidos de este web site se dirigen exclusivamente a los usuarios residentes en territorio espa\u00f1ol. El presente website incluye diferentes documentos o bases de datos a titulo meramente informativo, de manera que, en caso de discrepancia se estar\u00e1 al contenido de los documentos y bases de datos originales y no al reflejado en el presente website, sin que pueda derivarse responsabilidad alguna para ACROSS SPAIN por dichas discrepancias.<\/p><p><strong>hiperv\u00ednculos<\/strong><\/p><p>Quienes pretendan establecer hiperv\u00ednculo, link o enlace con este website desde otro sitio web deber\u00e1n respetar las siguientes condiciones<\/p><p>No se establecer\u00e1n links m\u00e1s que a la p\u00e1gina principal de este website salvo autorizaci\u00f3n expresa de ACROSS SPAIN quedando expresamente prohibido establecer deep-links, enlaces IMG o de imagen, frames o border enviroment.<\/p><ul class=\"wp-block-list\"><li>El link podr\u00e1 permitir el acceso a este sitio web pero no podr\u00e1n reproducirse sus servicios ni contenidos.<\/li><li>No se realizar\u00e1n manifestaciones falsas, inexactas o incorrectas sobre este website ni sobre los servicios o contenidos del mismo, ni sobre las empresas, directivos o empleados que conforman ACROSS SPAIN.<\/li><li>La pagina web en la que se incluya el link no podr\u00e1 contener ninguna marca, nombre comercial, r\u00f3tulo de establecimiento, denominaci\u00f3n, logotipo, eslogan o signo distintivo pertenecientes a ACROSS SPAIN o a terceros (a excepci\u00f3n hecha de aquellos signos que formen parte del mismo hiperenlaces) salvo autorizaci\u00f3n expresa de los afectados.<\/li><li>El establecimiento del link no supone relaci\u00f3n alguna entre el titular u operador del website desde el que se realice y ACROSS SPAIN ni implica conocimiento, autorizaci\u00f3n ni consentimiento de ACROSS SPAIN sobre los contenidos del website desde el que se establezca el enlace.<\/li><li>ACROSS SPAIN no ser\u00e1 responsable de los contenidos o servicios ofrecidos en el website del que parta el link ni responder\u00e1 de las consecuencias que pudieran derivarse del establecimiento de links hacia su website por parte de terceros.<\/li><\/ul><p>Los enlaces o hiperv\u00ednculos establecidos desde el website de ACROSS SPAIN hacia los de terceras personas o entidades suponen una facilidad para la b\u00fasqueda de informaci\u00f3n que se pone a disposici\u00f3n de los usuarios, sin que implique en ning\u00fan caso sugerencia o invitaci\u00f3n a usar los mismos y sin que implique la aceptaci\u00f3n o responsabilidad de ACROSS SPAIN sobre el contenido de los websites a los que se dirige el enlace o sobre la operatividad del mismo.<\/p><p>ACROSS SPAIN no asume responsabilidad alguna ya sea directa, indirecta o subsidiaria de los da\u00f1os y perjuicios que puedan derivarse del acceso, licitud, veracidad, uso, calidad, fiabilidad y\/o utilidad de los contenidos o informaciones manifestado, existentes u ofrecidos que se hayan incluido en los hiperv\u00ednculos a los que se hace referencia en esta p\u00e1gina. El establecimiento del hiperv\u00ednculo no implica en ning\u00fan caso la existencia de relaciones entre ACROSS SPAIN y el propietario de la p\u00e1gina web en la que se establezca, ni la aceptaci\u00f3n y aprobaci\u00f3n por parte de ACROSS SPAIN de sus contenidos o servicios all\u00ed ofrecidos puestos a disposici\u00f3n del p\u00fablico<\/p><p><strong>pol\u00edtica de privacidad<\/strong><\/p><p>Con el fin de facilitar el acceso a diferentes servicios o informaciones en algunos lugares de este website podr\u00e1n recabarse datos personales del usuario en diversos formularios, datos que podr\u00e1n incorporarse a un fichero de datos personales titularidad de ACROSS SPAIN y debidamente registrado ante la Agencia de Protecci\u00f3n de Datos.<\/p><p>El usuario que facilita sus datos personales a ACROSS SPAIN consiente expresamente en la incorporaci\u00f3n de los mismos al citado fichero y en el tratamiento de los mismos por parte de ACROSS SPAIN para su utilizaci\u00f3n en actividades propias de sus fines previstos en el art\u00edculo 2\u00ba de sus Estatutos.<\/p><p>En el formulario de recogida de datos estar\u00e1n indicados aquellos que resultan obligatorios y los que no tienen ese car\u00e1cter. La no cumplimentaci\u00f3n de los datos marcados como \u201cobligatorios\u201d supone la no prestaci\u00f3n del servicio o acceso para el que se solicitan los datos.<\/p><p>En cualquier caso el tratamiento de los datos personales facilitados por el usuario se realizar\u00e1 con estricto cumplimiento de la normativa vigente y especialmente con la Ley Org\u00e1nica 15\/1999 de Protecci\u00f3n de Datos de Car\u00e1cter Personal.<\/p><p>En especial, ACROSS SPAIN se compromete a mantener las condiciones de confidencialidad y seguridad de los datos personales confiados por los usuarios en los t\u00e9rminos previstos en la legislaci\u00f3n vigente. No obstante, ACROSS SPAIN no se hace responsable del acceso, modificaci\u00f3n, tratamiento, p\u00e9rdida o uso il\u00edcito que de los datos facilitados por los usuarios pueda efectuar un tercero.<\/p><p>El usuario podr\u00e1 ejercitar los derechos de acceso, rectificaci\u00f3n, cancelaci\u00f3n y oposici\u00f3n previstos en la normativa vigente dirigi\u00e9ndose a ACROSS SPAIN Arlab\u00e1n, 7, Madrid, donde podr\u00e1 igualmente dejar sin efecto, sin car\u00e1cter retroactivo los consentimientos antes expresados.<\/p><p>Los usuarios ser\u00e1n responsables de la veracidad y actualizaci\u00f3n de los datos incorporados a los formularios que cumplimenten. ACROSS SPAIN no se hace responsable de los da\u00f1os que pudieran ocasionarse por la falta de veracidad o inexactitud de los datos personales facilitados por el usuario.<\/p><p><strong>propiedad intelectual e industrial<\/strong><\/p><p>Los diferentes contenidos y elementos que integran este website incluyendo textos, im\u00e1genes, dise\u00f1os, sonidos, software, bases de datos, video, etc. est\u00e1n protegidos por los derechos de propiedad intelectual que sobre ellos tiene ACROSS SPAIN, derechos que los usuarios se comprometen a respetar no realizando ning\u00fan uso de los mismos que pudiera vulnerar tales derechos, como la copia, reproducci\u00f3n, alteraci\u00f3n, modificaci\u00f3n, difusi\u00f3n o comunicaci\u00f3n de los mismos.<\/p><p>En especial la titularidad de las bases de datos, programas, sus demos y los manuales de uso as\u00ed como su propiedad intelectual, pertenecen a ACROSS SPAIN sin que sea l\u00edcito ning\u00fan acto que suponga la reproducci\u00f3n, distribuci\u00f3n, comunicaci\u00f3n o transformaci\u00f3n total o parcial de las mismas, as\u00ed como cualquier acto que induzca a error al usuario sobre la propiedad de las mismas, tales como el framing, el deeplinking y dem\u00e1s actos similares mencionados en el apartado de hiperv\u00ednculos. Cualquier autorizaci\u00f3n de ACROSS SPAIN para realizar dichos usos deber\u00e1 ser expresa y constar\u00e1n por escrito los t\u00e9rminos de esa licencia.<\/p><p>Los usuarios est\u00e1n autorizados a visualizar, imprimir, copiar o descargar los contenidos de este website para un uso exclusivamente privado y personal de los mismos siempre que se cite el origen y autor de los mismos y en su caso el s\u00edmbolo del copyright, es decir deber\u00e1 incluirse siempre referencia a que es propiedad de ACROSS SPAIN. Se proh\u00edbe expresamente el uso de los elementos y contenidos de este website con fines lucrativos o comerciales.<\/p><p>Queda expresamente prohibido cualquier alteraci\u00f3n, cambio, modificaci\u00f3n o adaptaci\u00f3n de esta web o de cualquier informaci\u00f3n que la misma contenga.<\/p><p>Todas las marcas, nombres comerciales, logos, etc. citados en esta pagina web, tanto los de ACROSS SPAIN como de terceros, se encuentran protegidos por las leyes de propiedad industrial.<\/p><p><strong>cookies<\/strong><\/p><p>ACROSS SPAIN podr\u00e1 utilizar cookies para facilitar la navegaci\u00f3n por su website. En ese caso dichas cookies \u00fanicamente se asociar\u00e1n con un usuario an\u00f3nimo y su ordenador sin que puedan proporcionar datos personales del usuario, ni leer datos del disco duro de su ordenador o introducir virus en el mismo. En cualquier caso, el usuario podr\u00e1 configurar su navegador para que rechace la instalaci\u00f3n de dichas cookies.<\/p><p><strong>garant\u00edas y exclusi\u00f3n de responsabilidad<\/strong><\/p><p>ACROSS SPAIN no garantiza la disponibilidad ni funcionamiento de este website ni la idoneidad de sus contenidos, no siendo responsable en ning\u00fan caso de los posibles da\u00f1os o perjuicios que pudieran derivarse de:<\/p><ul class=\"wp-block-list\"><li>Falta de disponibilidad o de la continuidad del funcionamiento del website o sitios a los que se hubiera establecido un enlace.<\/li><li>Fallos en los sistemas inform\u00e1ticos o de telecomunicaciones,los fallos en el acceso a las distintas paginas web del site o a la existencia de virus o programas lesivos en los contenidos de este website.<\/li><li>Falta de idoneidad para las concretas expectativas de los usuarios de los servicios o contenidos de este website.<\/li><li>Acciones de otros usuarios o terceras personas que utilicen de modo il\u00edcito o contrario a la buena fe los contenidos y medios puestos a disposici\u00f3n en este website o que contrar\u00eden de modo alguno las presentes condiciones generales.<\/li><\/ul><p><strong>ley aplicable y jurisdicci\u00f3n<\/strong><\/p><p>Las presentes condiciones de uso as\u00ed como la prestaci\u00f3n de servicios que pudiera realizarse a trav\u00e9s del website de ACROSS SPAIN estar\u00e1n sujetas a la legislaci\u00f3n espa\u00f1ola .<\/p><p>Las partes con renuncia expresa a cualquier otro fuero que pudiera corresponderles acuerdan someterse a la Jurisdicci\u00f3n de los Juzgados y Tribunales de la ciudad de Madrid.<\/p>\t\t\t\t\t\t\t\t<\/div>\n\t\t\t\t<\/div>\n\t\t\t\t<\/div>\n\t\t\t\t\t<\/div>\n\t\t\t\t<\/div>\n\t\t\t\t<\/div>","protected":false},"excerpt":{"rendered":"<p>Disclaimer this website is owned by ACROSS SPAIN S.L., registered in the Mercantile Register of Madrid under registration number 355296 T20124 L0 S8 and with registered office in Madrid at C\/ Arlab\u00e1n, 7, CIF n\u00ba B-84011675 and e-mail address: info@across-spain.es. terms of use any person entering the web site of ACROSS SPAIN (user) shall do [&hellip;]<\/p>\n","protected":false},"author":2,"featured_media":1915,"parent":0,"menu_order":0,"comment_status":"closed","ping_status":"closed","template":"elementor_header_footer","meta":{"site-sidebar-layout":"no-sidebar","site-content-layout":"page-builder","ast-site-content-layout":"full-width-container","site-content-style":"default","site-sidebar-style":"default","ast-global-header-display":"","ast-banner-title-visibility":"","ast-main-header-display":"","ast-hfb-above-header-display":"","ast-hfb-below-header-display":"","ast-hfb-mobile-header-display":"","site-post-title":"disabled","ast-breadcrumbs-content":"","ast-featured-img":"disabled","footer-sml-layout":"","theme-transparent-header-meta":"","adv-header-id-meta":"","stick-header-meta":"","header-above-stick-meta":"","header-main-stick-meta":"","header-below-stick-meta":"","astra-migrate-meta-layouts":"set","ast-page-background-enabled":"default","ast-page-background-meta":{"desktop":{"background-color":"var(--ast-global-color-4)","background-image":"","background-repeat":"repeat","background-position":"center center","background-size":"auto","background-attachment":"scroll","background-type":"","background-media":"","overlay-type":"","overlay-color":"","overlay-opacity":"","overlay-gradient":""},"tablet":{"background-color":"","background-image":"","background-repeat":"repeat","background-position":"center center","background-size":"auto","background-attachment":"scroll","background-type":"","background-media":"","overlay-type":"","overlay-color":"","overlay-opacity":"","overlay-gradient":""},"mobile":{"background-color":"","background-image":"","background-repeat":"repeat","background-position":"center center","background-size":"auto","background-attachment":"scroll","background-type":"","background-media":"","overlay-type":"","overlay-color":"","overlay-opacity":"","overlay-gradient":""}},"ast-content-background-meta":{"desktop":{"background-color":"var(--ast-global-color-5)","background-image":"","background-repeat":"repeat","background-position":"center center","background-size":"auto","background-attachment":"scroll","background-type":"","background-media":"","overlay-type":"","overlay-color":"","overlay-opacity":"","overlay-gradient":""},"tablet":{"background-color":"var(--ast-global-color-5)","background-image":"","background-repeat":"repeat","background-position":"center center","background-size":"auto","background-attachment":"scroll","background-type":"","background-media":"","overlay-type":"","overlay-color":"","overlay-opacity":"","overlay-gradient":""},"mobile":{"background-color":"var(--ast-global-color-5)","background-image":"","background-repeat":"repeat","background-position":"center center","background-size":"auto","background-attachment":"scroll","background-type":"","background-media":"","overlay-type":"","overlay-color":"","overlay-opacity":"","overlay-gradient":""}},"footnotes":""},"class_list":["post-3398","page","type-page","status-publish","has-post-thumbnail","hentry"],"yoast_head":"<!-- This site is optimized with the Yoast SEO plugin v27.3 - https:\/\/yoast.com\/product\/yoast-seo-wordpress\/ -->\n<title>Disclaimer - across-spain.es<\/title>\n<meta name=\"robots\" content=\"index, follow, max-snippet:-1, max-image-preview:large, max-video-preview:-1\" \/>\n<link rel=\"canonical\" href=\"https:\/\/www.across-spain.es\/es\/disclaimer\/\" \/>\n<meta property=\"og:locale\" content=\"es_ES\" \/>\n<meta property=\"og:type\" content=\"article\" \/>\n<meta property=\"og:title\" content=\"Disclaimer - across-spain.es\" \/>\n<meta property=\"og:description\" content=\"Disclaimer this website is owned by ACROSS SPAIN S.L., registered in the Mercantile Register of Madrid under registration number 355296 T20124 L0 S8 and with registered office in Madrid at C\/ Arlab\u00e1n, 7, CIF n\u00ba B-84011675 and e-mail address: info@across-spain.es. terms of use any person entering the web site of ACROSS SPAIN (user) shall do [&hellip;]\" \/>\n<meta property=\"og:url\" content=\"https:\/\/www.across-spain.es\/es\/disclaimer\/\" \/>\n<meta property=\"og:site_name\" content=\"across-spain.es\" \/>\n<meta property=\"article:modified_time\" content=\"2025-07-12T09:02:57+00:00\" \/>\n<meta property=\"og:image\" content=\"https:\/\/www.across-spain.es\/wp-content\/uploads\/2025\/04\/Compania-across-spain.webp\" \/>\n\t<meta property=\"og:image:width\" content=\"1920\" \/>\n\t<meta property=\"og:image:height\" content=\"1250\" \/>\n\t<meta property=\"og:image:type\" content=\"image\/webp\" \/>\n<meta name=\"twitter:card\" content=\"summary_large_image\" \/>\n<meta name=\"twitter:label1\" content=\"Tiempo de lectura\" \/>\n\t<meta name=\"twitter:data1\" content=\"8 minutos\" \/>\n<script type=\"application\/ld+json\" class=\"yoast-schema-graph\">{\"@context\":\"https:\\\/\\\/schema.org\",\"@graph\":[{\"@type\":\"WebPage\",\"@id\":\"https:\\\/\\\/www.across-spain.es\\\/disclaimer\\\/\",\"url\":\"https:\\\/\\\/www.across-spain.es\\\/disclaimer\\\/\",\"name\":\"Disclaimer - across-spain.es\",\"isPartOf\":{\"@id\":\"https:\\\/\\\/www.across-spain.es\\\/en\\\/#website\"},\"primaryImageOfPage\":{\"@id\":\"https:\\\/\\\/www.across-spain.es\\\/disclaimer\\\/#primaryimage\"},\"image\":{\"@id\":\"https:\\\/\\\/www.across-spain.es\\\/disclaimer\\\/#primaryimage\"},\"thumbnailUrl\":\"https:\\\/\\\/www.across-spain.es\\\/wp-content\\\/uploads\\\/2025\\\/04\\\/Compania-across-spain.webp\",\"datePublished\":\"2025-07-12T08:52:27+00:00\",\"dateModified\":\"2025-07-12T09:02:57+00:00\",\"breadcrumb\":{\"@id\":\"https:\\\/\\\/www.across-spain.es\\\/disclaimer\\\/#breadcrumb\"},\"inLanguage\":\"es\",\"potentialAction\":[{\"@type\":\"ReadAction\",\"target\":[\"https:\\\/\\\/www.across-spain.es\\\/disclaimer\\\/\"]}]},{\"@type\":\"ImageObject\",\"inLanguage\":\"es\",\"@id\":\"https:\\\/\\\/www.across-spain.es\\\/disclaimer\\\/#primaryimage\",\"url\":\"https:\\\/\\\/www.across-spain.es\\\/wp-content\\\/uploads\\\/2025\\\/04\\\/Compania-across-spain.webp\",\"contentUrl\":\"https:\\\/\\\/www.across-spain.es\\\/wp-content\\\/uploads\\\/2025\\\/04\\\/Compania-across-spain.webp\",\"width\":1920,\"height\":1250},{\"@type\":\"BreadcrumbList\",\"@id\":\"https:\\\/\\\/www.across-spain.es\\\/disclaimer\\\/#breadcrumb\",\"itemListElement\":[{\"@type\":\"ListItem\",\"position\":1,\"name\":\"Portada\",\"item\":\"https:\\\/\\\/www.across-spain.es\\\/\"},{\"@type\":\"ListItem\",\"position\":2,\"name\":\"Disclaimer\"}]},{\"@type\":\"WebSite\",\"@id\":\"https:\\\/\\\/www.across-spain.es\\\/en\\\/#website\",\"url\":\"https:\\\/\\\/www.across-spain.es\\\/en\\\/\",\"name\":\"across-spain.es\",\"description\":\"\",\"publisher\":{\"@id\":\"https:\\\/\\\/www.across-spain.es\\\/en\\\/#organization\"},\"potentialAction\":[{\"@type\":\"SearchAction\",\"target\":{\"@type\":\"EntryPoint\",\"urlTemplate\":\"https:\\\/\\\/www.across-spain.es\\\/en\\\/?s={search_term_string}\"},\"query-input\":{\"@type\":\"PropertyValueSpecification\",\"valueRequired\":true,\"valueName\":\"search_term_string\"}}],\"inLanguage\":\"es\"},{\"@type\":\"Organization\",\"@id\":\"https:\\\/\\\/www.across-spain.es\\\/en\\\/#organization\",\"name\":\"across-spain.es\",\"url\":\"https:\\\/\\\/www.across-spain.es\\\/en\\\/\",\"logo\":{\"@type\":\"ImageObject\",\"inLanguage\":\"es\",\"@id\":\"https:\\\/\\\/www.across-spain.es\\\/en\\\/#\\\/schema\\\/logo\\\/image\\\/\",\"url\":\"https:\\\/\\\/www.across-spain.es\\\/wp-content\\\/uploads\\\/2022\\\/09\\\/LOGO-nuevo-AS-dmc-leisure.png\",\"contentUrl\":\"https:\\\/\\\/www.across-spain.es\\\/wp-content\\\/uploads\\\/2022\\\/09\\\/LOGO-nuevo-AS-dmc-leisure.png\",\"width\":1921,\"height\":473,\"caption\":\"across-spain.es\"},\"image\":{\"@id\":\"https:\\\/\\\/www.across-spain.es\\\/en\\\/#\\\/schema\\\/logo\\\/image\\\/\"}}]}<\/script>\n<!-- \/ Yoast SEO plugin. -->","yoast_head_json":{"title":"Disclaimer - across-spain.es","robots":{"index":"index","follow":"follow","max-snippet":"max-snippet:-1","max-image-preview":"max-image-preview:large","max-video-preview":"max-video-preview:-1"},"canonical":"https:\/\/www.across-spain.es\/es\/disclaimer\/","og_locale":"es_ES","og_type":"article","og_title":"Disclaimer - across-spain.es","og_description":"Disclaimer this website is owned by ACROSS SPAIN S.L., registered in the Mercantile Register of Madrid under registration number 355296 T20124 L0 S8 and with registered office in Madrid at C\/ Arlab\u00e1n, 7, CIF n\u00ba B-84011675 and e-mail address: info@across-spain.es. terms of use any person entering the web site of ACROSS SPAIN (user) shall do [&hellip;]","og_url":"https:\/\/www.across-spain.es\/es\/disclaimer\/","og_site_name":"across-spain.es","article_modified_time":"2025-07-12T09:02:57+00:00","og_image":[{"width":1920,"height":1250,"url":"https:\/\/www.across-spain.es\/wp-content\/uploads\/2025\/04\/Compania-across-spain.webp","type":"image\/webp"}],"twitter_card":"summary_large_image","twitter_misc":{"Tiempo de lectura":"8 minutos"},"schema":{"@context":"https:\/\/schema.org","@graph":[{"@type":"WebPage","@id":"https:\/\/www.across-spain.es\/disclaimer\/","url":"https:\/\/www.across-spain.es\/disclaimer\/","name":"Disclaimer - across-spain.es","isPartOf":{"@id":"https:\/\/www.across-spain.es\/en\/#website"},"primaryImageOfPage":{"@id":"https:\/\/www.across-spain.es\/disclaimer\/#primaryimage"},"image":{"@id":"https:\/\/www.across-spain.es\/disclaimer\/#primaryimage"},"thumbnailUrl":"https:\/\/www.across-spain.es\/wp-content\/uploads\/2025\/04\/Compania-across-spain.webp","datePublished":"2025-07-12T08:52:27+00:00","dateModified":"2025-07-12T09:02:57+00:00","breadcrumb":{"@id":"https:\/\/www.across-spain.es\/disclaimer\/#breadcrumb"},"inLanguage":"es","potentialAction":[{"@type":"ReadAction","target":["https:\/\/www.across-spain.es\/disclaimer\/"]}]},{"@type":"ImageObject","inLanguage":"es","@id":"https:\/\/www.across-spain.es\/disclaimer\/#primaryimage","url":"https:\/\/www.across-spain.es\/wp-content\/uploads\/2025\/04\/Compania-across-spain.webp","contentUrl":"https:\/\/www.across-spain.es\/wp-content\/uploads\/2025\/04\/Compania-across-spain.webp","width":1920,"height":1250},{"@type":"BreadcrumbList","@id":"https:\/\/www.across-spain.es\/disclaimer\/#breadcrumb","itemListElement":[{"@type":"ListItem","position":1,"name":"Portada","item":"https:\/\/www.across-spain.es\/"},{"@type":"ListItem","position":2,"name":"Disclaimer"}]},{"@type":"WebSite","@id":"https:\/\/www.across-spain.es\/en\/#website","url":"https:\/\/www.across-spain.es\/en\/","name":"across-spain.es","description":"","publisher":{"@id":"https:\/\/www.across-spain.es\/en\/#organization"},"potentialAction":[{"@type":"SearchAction","target":{"@type":"EntryPoint","urlTemplate":"https:\/\/www.across-spain.es\/en\/?s={search_term_string}"},"query-input":{"@type":"PropertyValueSpecification","valueRequired":true,"valueName":"search_term_string"}}],"inLanguage":"es"},{"@type":"Organization","@id":"https:\/\/www.across-spain.es\/en\/#organization","name":"across-spain.es","url":"https:\/\/www.across-spain.es\/en\/","logo":{"@type":"ImageObject","inLanguage":"es","@id":"https:\/\/www.across-spain.es\/en\/#\/schema\/logo\/image\/","url":"https:\/\/www.across-spain.es\/wp-content\/uploads\/2022\/09\/LOGO-nuevo-AS-dmc-leisure.png","contentUrl":"https:\/\/www.across-spain.es\/wp-content\/uploads\/2022\/09\/LOGO-nuevo-AS-dmc-leisure.png","width":1921,"height":473,"caption":"across-spain.es"},"image":{"@id":"https:\/\/www.across-spain.es\/en\/#\/schema\/logo\/image\/"}}]}},"_links":{"self":[{"href":"https:\/\/www.across-spain.es\/es\/wp-json\/wp\/v2\/pages\/3398","targetHints":{"allow":["GET"]}}],"collection":[{"href":"https:\/\/www.across-spain.es\/es\/wp-json\/wp\/v2\/pages"}],"about":[{"href":"https:\/\/www.across-spain.es\/es\/wp-json\/wp\/v2\/types\/page"}],"author":[{"embeddable":true,"href":"https:\/\/www.across-spain.es\/es\/wp-json\/wp\/v2\/users\/2"}],"replies":[{"embeddable":true,"href":"https:\/\/www.across-spain.es\/es\/wp-json\/wp\/v2\/comments?post=3398"}],"version-history":[{"count":7,"href":"https:\/\/www.across-spain.es\/es\/wp-json\/wp\/v2\/pages\/3398\/revisions"}],"predecessor-version":[{"id":3405,"href":"https:\/\/www.across-spain.es\/es\/wp-json\/wp\/v2\/pages\/3398\/revisions\/3405"}],"wp:featuredmedia":[{"embeddable":true,"href":"https:\/\/www.across-spain.es\/es\/wp-json\/wp\/v2\/media\/1915"}],"wp:attachment":[{"href":"https:\/\/www.across-spain.es\/es\/wp-json\/wp\/v2\/media?parent=3398"}],"curies":[{"name":"wp","href":"https:\/\/api.w.org\/{rel}","templated":true}]}}