{"id":169,"date":"2022-08-18T15:19:13","date_gmt":"2022-08-18T15:19:13","guid":{"rendered":"http:\/\/www.acrossspain.es.mialias.net\/?page_id=169"},"modified":"2025-04-13T09:11:25","modified_gmt":"2025-04-13T09:11:25","slug":"contactoo","status":"publish","type":"page","link":"https:\/\/www.across-spain.es\/es\/contactoo\/","title":{"rendered":"Contactoo"},"content":{"rendered":"<div class=\"wp-block-cover alignfull cabecera-paginas\" style=\"min-height:300px;aspect-ratio:unset;\"><span aria-hidden=\"true\" class=\"wp-block-cover__background has-ast-global-color-2-background-color has-background-dim-70 has-background-dim\"><\/span><img decoding=\"async\" class=\"wp-block-cover__image-background wp-image-170\" alt=\"across spain contacto\" src=\"https:\/\/www.across-spain.es\/wp-content\/uploads\/2022\/08\/Contacto-across-spain.webp\" style=\"object-position:65% 27%\" data-object-fit=\"cover\" data-object-position=\"65% 27%\"\/><div class=\"wp-block-cover__inner-container is-layout-flow wp-block-cover-is-layout-flow\">\n<h1 class=\"wp-block-heading has-text-align-center has-ast-global-color-5-color has-text-color has-link-color wp-elements-03e807f95674d3c88eb1a61683f64bd8\" style=\"font-size:55px\">Contacto<\/h1>\n<\/div><\/div>\n\n\n\n<div style=\"height:65px\" aria-hidden=\"true\" class=\"wp-block-spacer\"><\/div>\n\n\n\n<h2 class=\"wp-block-heading has-text-align-center\">\u00bfD\u00f3nde puedes encontrarnos?<\/h2>\n\n\n\n<p class=\"has-text-align-center\">Tenemos dos sucursales en las que podr\u00e1s tener un trato m\u00e1s humano y cercano, una en Madrid y otra en Barcelona.<\/p>\n\n\n\n<div class=\"wp-block-columns is-layout-flex wp-container-core-columns-is-layout-28f84493 wp-block-columns-is-layout-flex\">\n<div class=\"wp-block-column is-layout-flow wp-block-column-is-layout-flow\">\n<h3 class=\"wp-block-heading\">Madrid<\/h3>\n\n\n\n<p>Direcci\u00f3n: Calle Arlab\u00e1n, 7, 28014, Madrid<\/p>\n\n\n\n<p>Tel\u00e9fono: +34 913 605 864<\/p>\n\n\n\n<p>Correo electr\u00f3nico: <a href=\"mailto:info@www.across-spain.es\">info@www.across-spain.es<\/a><\/p>\n\n\n<\/div>\n\n\n\n<div class=\"wp-block-column is-layout-flow wp-block-column-is-layout-flow\">\n<h3 class=\"wp-block-heading\">Barcelona<\/h3>\n\n\n\n<p>Direcci\u00f3n: Av. Riera de Cassoles, 20, 08012 Barcelona<\/p>\n\n\n\n<p>Tel\u00e9fono: +34 932 386 891<\/p>\n\n\n\n<p>Correo electr\u00f3nico: <a href=\"mailto:info@www.across-spain.es\">info@www.across-spain.es<\/a><\/p>\n\n\n<\/div>\n<\/div>\n\n\n\n<h2 class=\"wp-block-heading has-text-align-center\">\u00bfNecesitas ayuda? Contacta con nosotros<\/h2>\n\n\n\n<div class=\"wp-block-contact-form-7-contact-form-selector\">\n<div class=\"wpcf7 no-js\" id=\"wpcf7-f167-o1\" lang=\"es-ES\" dir=\"ltr\" data-wpcf7-id=\"167\">\n<div class=\"screen-reader-response\"><p role=\"status\" aria-live=\"polite\" aria-atomic=\"true\"><\/p> <ul><\/ul><\/div>\n<form action=\"\/es\/wp-json\/wp\/v2\/pages\/169#wpcf7-f167-o1\" method=\"post\" class=\"wpcf7-form init\" aria-label=\"Formulario de contacto\" novalidate=\"novalidate\" data-status=\"init\" data-trp-original-action=\"\/es\/wp-json\/wp\/v2\/pages\/169#wpcf7-f167-o1\">\n<fieldset class=\"hidden-fields-container\"><input type=\"hidden\" name=\"_wpcf7\" value=\"167\" \/><input type=\"hidden\" name=\"_wpcf7_version\" value=\"6.1.5\" \/><input type=\"hidden\" name=\"_wpcf7_locale\" value=\"es_ES\" \/><input type=\"hidden\" name=\"_wpcf7_unit_tag\" value=\"wpcf7-f167-o1\" \/><input type=\"hidden\" name=\"_wpcf7_container_post\" value=\"0\" \/><input type=\"hidden\" name=\"_wpcf7_posted_data_hash\" value=\"\" \/><input type=\"hidden\" name=\"_wpcf7_recaptcha_response\" value=\"\" \/>\n<\/fieldset>\n<p><label> Tu nombre<br \/>\n<span class=\"wpcf7-form-control-wrap\" data-name=\"your-name\"><input size=\"40\" maxlength=\"400\" class=\"wpcf7-form-control wpcf7-text wpcf7-validates-as-required\" aria-required=\"true\" aria-invalid=\"false\" value=\"\" type=\"text\" name=\"your-name\" \/><\/span> <\/label>\n<\/p>\n<p><label> Tu correo electr\u00f3nico<br \/>\n<span class=\"wpcf7-form-control-wrap\" data-name=\"your-email\"><input size=\"40\" maxlength=\"400\" class=\"wpcf7-form-control wpcf7-email wpcf7-validates-as-required wpcf7-text wpcf7-validates-as-email\" aria-required=\"true\" aria-invalid=\"false\" value=\"\" type=\"email\" name=\"your-email\" \/><\/span> <\/label>\n<\/p>\n<p><label> Tel\u00e9fono<br \/>\n<span class=\"wpcf7-form-control-wrap\" data-name=\"tel-579\"><input size=\"40\" maxlength=\"400\" class=\"wpcf7-form-control wpcf7-tel wpcf7-text wpcf7-validates-as-tel\" aria-invalid=\"false\" value=\"\" type=\"tel\" name=\"tel-579\" \/><\/span> <\/label>\n<\/p>\n<p><label> Asunto<br \/>\n<span class=\"wpcf7-form-control-wrap\" data-name=\"your-subject\"><input size=\"40\" maxlength=\"400\" class=\"wpcf7-form-control wpcf7-text wpcf7-validates-as-required\" aria-required=\"true\" aria-invalid=\"false\" value=\"\" type=\"text\" name=\"your-subject\" \/><\/span> <\/label>\n<\/p>\n<p><label> Tu mensaje<br \/>\n<span class=\"wpcf7-form-control-wrap\" data-name=\"your-message\"><textarea cols=\"40\" rows=\"10\" maxlength=\"2000\" class=\"wpcf7-form-control wpcf7-textarea wpcf7-validates-as-required\" aria-required=\"true\" aria-invalid=\"false\" name=\"your-message\"><\/textarea><\/span> <\/label>\n<\/p>\n<p><input class=\"wpcf7-form-control wpcf7-submit has-spinner\" type=\"submit\" value=\"Enviar\" \/>\n<\/p><div class=\"wpcf7-response-output\" aria-hidden=\"true\"><\/div>\n<input type=\"hidden\" name=\"trp-form-language\" value=\"es\"\/><\/form>\n<\/div>\n<\/div>","protected":false},"excerpt":{"rendered":"<p>\u00bfD\u00f3nde puedes encontrarnos? Tenemos dos sucursales en las que podr\u00e1s tener un trato m\u00e1s humano y cercano, una en Madrid y otra en Barcelona. Madrid Direcci\u00f3n: Calle Arlab\u00e1n, 7, 28014, Madrid Tel\u00e9fono: +34 913 605 864 Correo electr\u00f3nico: info@www.across-spain.es Barcelona Direcci\u00f3n: Av. Riera de Cassoles, 20, 08012 Barcelona Tel\u00e9fono: +34 932 386 891 Correo electr\u00f3nico: [&hellip;]<\/p>\n","protected":false},"author":2,"featured_media":0,"parent":0,"menu_order":0,"comment_status":"closed","ping_status":"closed","template":"","meta":{"site-sidebar-layout":"default","site-content-layout":"","ast-site-content-layout":"default","site-content-style":"default","site-sidebar-style":"default","ast-global-header-display":"","ast-banner-title-visibility":"","ast-main-header-display":"","ast-hfb-above-header-display":"","ast-hfb-below-header-display":"","ast-hfb-mobile-header-display":"","site-post-title":"","ast-breadcrumbs-content":"","ast-featured-img":"disabled","footer-sml-layout":"","theme-transparent-header-meta":"","adv-header-id-meta":"","stick-header-meta":"","header-above-stick-meta":"","header-main-stick-meta":"","header-below-stick-meta":"","astra-migrate-meta-layouts":"set","ast-page-background-enabled":"default","ast-page-background-meta":{"desktop":{"background-color":"var(--ast-global-color-4)","background-image":"","background-repeat":"repeat","background-position":"center center","background-size":"auto","background-attachment":"scroll","background-type":"","background-media":"","overlay-type":"","overlay-color":"","overlay-opacity":"","overlay-gradient":""},"tablet":{"background-color":"","background-image":"","background-repeat":"repeat","background-position":"center center","background-size":"auto","background-attachment":"scroll","background-type":"","background-media":"","overlay-type":"","overlay-color":"","overlay-opacity":"","overlay-gradient":""},"mobile":{"background-color":"","background-image":"","background-repeat":"repeat","background-position":"center center","background-size":"auto","background-attachment":"scroll","background-type":"","background-media":"","overlay-type":"","overlay-color":"","overlay-opacity":"","overlay-gradient":""}},"ast-content-background-meta":{"desktop":{"background-color":"var(--ast-global-color-5)","background-image":"","background-repeat":"repeat","background-position":"center center","background-size":"auto","background-attachment":"scroll","background-type":"","background-media":"","overlay-type":"","overlay-color":"","overlay-opacity":"","overlay-gradient":""},"tablet":{"background-color":"var(--ast-global-color-5)","background-image":"","background-repeat":"repeat","background-position":"center center","background-size":"auto","background-attachment":"scroll","background-type":"","background-media":"","overlay-type":"","overlay-color":"","overlay-opacity":"","overlay-gradient":""},"mobile":{"background-color":"var(--ast-global-color-5)","background-image":"","background-repeat":"repeat","background-position":"center center","background-size":"auto","background-attachment":"scroll","background-type":"","background-media":"","overlay-type":"","overlay-color":"","overlay-opacity":"","overlay-gradient":""}},"footnotes":""},"class_list":["post-169","page","type-page","status-publish","hentry"],"yoast_head":"<!-- This site is optimized with the Yoast SEO plugin v27.3 - https:\/\/yoast.com\/product\/yoast-seo-wordpress\/ -->\n<title>Contactoo - across-spain.es<\/title>\n<meta name=\"robots\" content=\"index, follow, max-snippet:-1, max-image-preview:large, max-video-preview:-1\" \/>\n<link rel=\"canonical\" href=\"https:\/\/www.across-spain.es\/es\/contactoo\/\" \/>\n<meta property=\"og:locale\" content=\"es_ES\" \/>\n<meta property=\"og:type\" content=\"article\" \/>\n<meta property=\"og:title\" content=\"Contactoo - across-spain.es\" \/>\n<meta property=\"og:description\" content=\"\u00bfD\u00f3nde puedes encontrarnos? Tenemos dos sucursales en las que podr\u00e1s tener un trato m\u00e1s humano y cercano, una en Madrid y otra en Barcelona. Madrid Direcci\u00f3n: Calle Arlab\u00e1n, 7, 28014, Madrid Tel\u00e9fono: +34 913 605 864 Correo electr\u00f3nico: info@www.across-spain.es Barcelona Direcci\u00f3n: Av. Riera de Cassoles, 20, 08012 Barcelona Tel\u00e9fono: +34 932 386 891 Correo electr\u00f3nico: [&hellip;]\" \/>\n<meta property=\"og:url\" content=\"https:\/\/www.across-spain.es\/es\/contactoo\/\" \/>\n<meta property=\"og:site_name\" content=\"across-spain.es\" \/>\n<meta property=\"article:modified_time\" content=\"2025-04-13T09:11:25+00:00\" \/>\n<meta property=\"og:image\" content=\"https:\/\/www.across-spain.es\/wp-content\/uploads\/2022\/08\/Compania-across-spain.webp\" \/>\n\t<meta property=\"og:image:width\" content=\"1280\" \/>\n\t<meta property=\"og:image:height\" content=\"771\" \/>\n\t<meta property=\"og:image:type\" content=\"image\/webp\" \/>\n<meta name=\"twitter:card\" content=\"summary_large_image\" \/>\n<meta name=\"twitter:label1\" content=\"Tiempo de lectura\" \/>\n\t<meta name=\"twitter:data1\" content=\"1 minuto\" \/>\n<script type=\"application\/ld+json\" class=\"yoast-schema-graph\">{\"@context\":\"https:\\\/\\\/schema.org\",\"@graph\":[{\"@type\":\"WebPage\",\"@id\":\"https:\\\/\\\/www.across-spain.es\\\/contactoo\\\/\",\"url\":\"https:\\\/\\\/www.across-spain.es\\\/contactoo\\\/\",\"name\":\"Contactoo - across-spain.es\",\"isPartOf\":{\"@id\":\"https:\\\/\\\/www.across-spain.es\\\/en\\\/#website\"},\"primaryImageOfPage\":{\"@id\":\"https:\\\/\\\/www.across-spain.es\\\/contactoo\\\/#primaryimage\"},\"image\":{\"@id\":\"https:\\\/\\\/www.across-spain.es\\\/contactoo\\\/#primaryimage\"},\"thumbnailUrl\":\"https:\\\/\\\/www.across-spain.es\\\/wp-content\\\/uploads\\\/2022\\\/08\\\/Contacto-across-spain.webp\",\"datePublished\":\"2022-08-18T15:19:13+00:00\",\"dateModified\":\"2025-04-13T09:11:25+00:00\",\"breadcrumb\":{\"@id\":\"https:\\\/\\\/www.across-spain.es\\\/contactoo\\\/#breadcrumb\"},\"inLanguage\":\"es\",\"potentialAction\":[{\"@type\":\"ReadAction\",\"target\":[\"https:\\\/\\\/www.across-spain.es\\\/contactoo\\\/\"]}]},{\"@type\":\"ImageObject\",\"inLanguage\":\"es\",\"@id\":\"https:\\\/\\\/www.across-spain.es\\\/contactoo\\\/#primaryimage\",\"url\":\"https:\\\/\\\/www.across-spain.es\\\/wp-content\\\/uploads\\\/2022\\\/08\\\/Contacto-across-spain.webp\",\"contentUrl\":\"https:\\\/\\\/www.across-spain.es\\\/wp-content\\\/uploads\\\/2022\\\/08\\\/Contacto-across-spain.webp\"},{\"@type\":\"BreadcrumbList\",\"@id\":\"https:\\\/\\\/www.across-spain.es\\\/contactoo\\\/#breadcrumb\",\"itemListElement\":[{\"@type\":\"ListItem\",\"position\":1,\"name\":\"Portada\",\"item\":\"https:\\\/\\\/www.across-spain.es\\\/\"},{\"@type\":\"ListItem\",\"position\":2,\"name\":\"Contactoo\"}]},{\"@type\":\"WebSite\",\"@id\":\"https:\\\/\\\/www.across-spain.es\\\/en\\\/#website\",\"url\":\"https:\\\/\\\/www.across-spain.es\\\/en\\\/\",\"name\":\"across-spain.es\",\"description\":\"\",\"publisher\":{\"@id\":\"https:\\\/\\\/www.across-spain.es\\\/en\\\/#organization\"},\"potentialAction\":[{\"@type\":\"SearchAction\",\"target\":{\"@type\":\"EntryPoint\",\"urlTemplate\":\"https:\\\/\\\/www.across-spain.es\\\/en\\\/?s={search_term_string}\"},\"query-input\":{\"@type\":\"PropertyValueSpecification\",\"valueRequired\":true,\"valueName\":\"search_term_string\"}}],\"inLanguage\":\"es\"},{\"@type\":\"Organization\",\"@id\":\"https:\\\/\\\/www.across-spain.es\\\/en\\\/#organization\",\"name\":\"across-spain.es\",\"url\":\"https:\\\/\\\/www.across-spain.es\\\/en\\\/\",\"logo\":{\"@type\":\"ImageObject\",\"inLanguage\":\"es\",\"@id\":\"https:\\\/\\\/www.across-spain.es\\\/en\\\/#\\\/schema\\\/logo\\\/image\\\/\",\"url\":\"https:\\\/\\\/www.across-spain.es\\\/wp-content\\\/uploads\\\/2022\\\/09\\\/LOGO-nuevo-AS-dmc-leisure.png\",\"contentUrl\":\"https:\\\/\\\/www.across-spain.es\\\/wp-content\\\/uploads\\\/2022\\\/09\\\/LOGO-nuevo-AS-dmc-leisure.png\",\"width\":1921,\"height\":473,\"caption\":\"across-spain.es\"},\"image\":{\"@id\":\"https:\\\/\\\/www.across-spain.es\\\/en\\\/#\\\/schema\\\/logo\\\/image\\\/\"}}]}<\/script>\n<!-- \/ Yoast SEO plugin. -->","yoast_head_json":{"title":"Contactoo - across-spain.es","robots":{"index":"index","follow":"follow","max-snippet":"max-snippet:-1","max-image-preview":"max-image-preview:large","max-video-preview":"max-video-preview:-1"},"canonical":"https:\/\/www.across-spain.es\/es\/contactoo\/","og_locale":"es_ES","og_type":"article","og_title":"Contactoo - across-spain.es","og_description":"\u00bfD\u00f3nde puedes encontrarnos? Tenemos dos sucursales en las que podr\u00e1s tener un trato m\u00e1s humano y cercano, una en Madrid y otra en Barcelona. Madrid Direcci\u00f3n: Calle Arlab\u00e1n, 7, 28014, Madrid Tel\u00e9fono: +34 913 605 864 Correo electr\u00f3nico: info@www.across-spain.es Barcelona Direcci\u00f3n: Av. Riera de Cassoles, 20, 08012 Barcelona Tel\u00e9fono: +34 932 386 891 Correo electr\u00f3nico: [&hellip;]","og_url":"https:\/\/www.across-spain.es\/es\/contactoo\/","og_site_name":"across-spain.es","article_modified_time":"2025-04-13T09:11:25+00:00","og_image":[{"width":1280,"height":771,"url":"https:\/\/www.across-spain.es\/wp-content\/uploads\/2022\/08\/Compania-across-spain.webp","type":"image\/webp"}],"twitter_card":"summary_large_image","twitter_misc":{"Tiempo de lectura":"1 minuto"},"schema":{"@context":"https:\/\/schema.org","@graph":[{"@type":"WebPage","@id":"https:\/\/www.across-spain.es\/contactoo\/","url":"https:\/\/www.across-spain.es\/contactoo\/","name":"Contactoo - across-spain.es","isPartOf":{"@id":"https:\/\/www.across-spain.es\/en\/#website"},"primaryImageOfPage":{"@id":"https:\/\/www.across-spain.es\/contactoo\/#primaryimage"},"image":{"@id":"https:\/\/www.across-spain.es\/contactoo\/#primaryimage"},"thumbnailUrl":"https:\/\/www.across-spain.es\/wp-content\/uploads\/2022\/08\/Contacto-across-spain.webp","datePublished":"2022-08-18T15:19:13+00:00","dateModified":"2025-04-13T09:11:25+00:00","breadcrumb":{"@id":"https:\/\/www.across-spain.es\/contactoo\/#breadcrumb"},"inLanguage":"es","potentialAction":[{"@type":"ReadAction","target":["https:\/\/www.across-spain.es\/contactoo\/"]}]},{"@type":"ImageObject","inLanguage":"es","@id":"https:\/\/www.across-spain.es\/contactoo\/#primaryimage","url":"https:\/\/www.across-spain.es\/wp-content\/uploads\/2022\/08\/Contacto-across-spain.webp","contentUrl":"https:\/\/www.across-spain.es\/wp-content\/uploads\/2022\/08\/Contacto-across-spain.webp"},{"@type":"BreadcrumbList","@id":"https:\/\/www.across-spain.es\/contactoo\/#breadcrumb","itemListElement":[{"@type":"ListItem","position":1,"name":"Portada","item":"https:\/\/www.across-spain.es\/"},{"@type":"ListItem","position":2,"name":"Contactoo"}]},{"@type":"WebSite","@id":"https:\/\/www.across-spain.es\/en\/#website","url":"https:\/\/www.across-spain.es\/en\/","name":"across-spain.es","description":"","publisher":{"@id":"https:\/\/www.across-spain.es\/en\/#organization"},"potentialAction":[{"@type":"SearchAction","target":{"@type":"EntryPoint","urlTemplate":"https:\/\/www.across-spain.es\/en\/?s={search_term_string}"},"query-input":{"@type":"PropertyValueSpecification","valueRequired":true,"valueName":"search_term_string"}}],"inLanguage":"es"},{"@type":"Organization","@id":"https:\/\/www.across-spain.es\/en\/#organization","name":"across-spain.es","url":"https:\/\/www.across-spain.es\/en\/","logo":{"@type":"ImageObject","inLanguage":"es","@id":"https:\/\/www.across-spain.es\/en\/#\/schema\/logo\/image\/","url":"https:\/\/www.across-spain.es\/wp-content\/uploads\/2022\/09\/LOGO-nuevo-AS-dmc-leisure.png","contentUrl":"https:\/\/www.across-spain.es\/wp-content\/uploads\/2022\/09\/LOGO-nuevo-AS-dmc-leisure.png","width":1921,"height":473,"caption":"across-spain.es"},"image":{"@id":"https:\/\/www.across-spain.es\/en\/#\/schema\/logo\/image\/"}}]}},"_links":{"self":[{"href":"https:\/\/www.across-spain.es\/es\/wp-json\/wp\/v2\/pages\/169","targetHints":{"allow":["GET"]}}],"collection":[{"href":"https:\/\/www.across-spain.es\/es\/wp-json\/wp\/v2\/pages"}],"about":[{"href":"https:\/\/www.across-spain.es\/es\/wp-json\/wp\/v2\/types\/page"}],"author":[{"embeddable":true,"href":"https:\/\/www.across-spain.es\/es\/wp-json\/wp\/v2\/users\/2"}],"replies":[{"embeddable":true,"href":"https:\/\/www.across-spain.es\/es\/wp-json\/wp\/v2\/comments?post=169"}],"version-history":[{"count":18,"href":"https:\/\/www.across-spain.es\/es\/wp-json\/wp\/v2\/pages\/169\/revisions"}],"predecessor-version":[{"id":2134,"href":"https:\/\/www.across-spain.es\/es\/wp-json\/wp\/v2\/pages\/169\/revisions\/2134"}],"wp:attachment":[{"href":"https:\/\/www.across-spain.es\/es\/wp-json\/wp\/v2\/media?parent=169"}],"curies":[{"name":"wp","href":"https:\/\/api.w.org\/{rel}","templated":true}]}}