{"id":38,"date":"2022-08-10T15:16:27","date_gmt":"2022-08-10T15:16:27","guid":{"rendered":"http:\/\/www.acrossspain.es.mialias.net\/?page_id=38"},"modified":"2024-10-15T13:32:19","modified_gmt":"2024-10-15T13:32:19","slug":"vision-mision","status":"publish","type":"page","link":"https:\/\/www.across-spain.es\/en\/vision-mision\/","title":{"rendered":"Visi\u00f3n y Misi\u00f3n"},"content":{"rendered":"\n<div class=\"wp-block-cover alignfull cabecera-paginas\" style=\"min-height:300px;aspect-ratio:unset;\"><span aria-hidden=\"true\" class=\"wp-block-cover__background has-ast-global-color-2-background-color has-background-dim-70 has-background-dim\"><\/span><img decoding=\"async\" class=\"wp-block-cover__image-background wp-image-1368\" alt=\"\" src=\"https:\/\/www.across-spain.es\/wp-content\/uploads\/2022\/12\/Vision-Mission.webp\" data-object-fit=\"cover\"\/><div class=\"wp-block-cover__inner-container is-layout-flow wp-block-cover-is-layout-flow\">\n<h1 class=\"wp-block-heading has-text-align-center has-ast-global-color-5-color has-text-color has-link-color wp-elements-092345014f6fdc397db8e551c856e508\" style=\"font-size:55px\">Visi\u00f3n y Misi\u00f3n<\/h1>\n<\/div><\/div>\n\n\n\n<div style=\"height:65px\" aria-hidden=\"true\" class=\"wp-block-spacer\"><\/div>\n\n\n\n<p>across spain dmc &amp; leisure travel se compromete a crear un valor a\u00f1adido para los clientes profesionales, corporativos o de ocio, ya sea a trav\u00e9s del asesoramiento de viajes, la creatividad, el poder de compra o el apoyo en tierra.<\/p>\n\n\n\n<p>across spain dmc tiene como objetivo integrar su conocimiento profesional en el destino Espa\u00f1a y sus capacidades en proyectos espec\u00edficos de viajes corporativos, ya sean reuniones, incentivos o visitas de estudio de negocios, gestionados por profesionales reconocidos.<\/p>\n\n\n\n<p>across spain se esfuerza por crear experiencias \u00fanicas para los viajeros de todo el mundo en Espa\u00f1a y Portugal.<\/p>\n\n\n\n<p>al mismo tiempo, across spain dmc &amp; leisure travel realiza un esfuerzo constante por integrar la sostenibilidad en toda su cadena de valor.<\/p>\n\n\n\n<p>aspiramos a ser una organizaci\u00f3n:<\/p>\n\n\n\n<div class=\"wp-block-uagb-icon-list uagb-block-ece89abd\"><div class=\"uagb-icon-list__wrap\">\n<div class=\"wp-block-uagb-icon-list-child uagb-block-b8e345cd\"><span class=\"uagb-icon-list__source-wrap\"><svg xmlns=\"https:\/\/www.w3.org\/2000\/svg\" viewBox=\"0 0 512 512\"><path d=\"M0 256C0 114.6 114.6 0 256 0C397.4 0 512 114.6 512 256C512 397.4 397.4 512 256 512C114.6 512 0 397.4 0 256zM371.8 211.8C382.7 200.9 382.7 183.1 371.8 172.2C360.9 161.3 343.1 161.3 332.2 172.2L224 280.4L179.8 236.2C168.9 225.3 151.1 225.3 140.2 236.2C129.3 247.1 129.3 264.9 140.2 275.8L204.2 339.8C215.1 350.7 232.9 350.7 243.8 339.8L371.8 211.8z\"><\/path><\/svg><\/span><span class=\"uagb-icon-list__label\">impulsada por un esp\u00edritu de servicio, abierta y cercana a la sociedad y que genere confianza.<\/span><\/div>\n\n\n\n<div class=\"wp-block-uagb-icon-list-child uagb-block-e57d9de9\"><span class=\"uagb-icon-list__source-wrap\"><svg xmlns=\"https:\/\/www.w3.org\/2000\/svg\" viewBox=\"0 0 512 512\"><path d=\"M0 256C0 114.6 114.6 0 256 0C397.4 0 512 114.6 512 256C512 397.4 397.4 512 256 512C114.6 512 0 397.4 0 256zM371.8 211.8C382.7 200.9 382.7 183.1 371.8 172.2C360.9 161.3 343.1 161.3 332.2 172.2L224 280.4L179.8 236.2C168.9 225.3 151.1 225.3 140.2 236.2C129.3 247.1 129.3 264.9 140.2 275.8L204.2 339.8C215.1 350.7 232.9 350.7 243.8 339.8L371.8 211.8z\"><\/path><\/svg><\/span><span class=\"uagb-icon-list__label\">basada en el conocimiento, con una cultura estimulante y un equipo cohesionado y comprometido.<\/span><\/div>\n\n\n\n<div class=\"wp-block-uagb-icon-list-child uagb-block-d813f612\"><span class=\"uagb-icon-list__source-wrap\"><svg xmlns=\"https:\/\/www.w3.org\/2000\/svg\" viewBox=\"0 0 512 512\"><path d=\"M0 256C0 114.6 114.6 0 256 0C397.4 0 512 114.6 512 256C512 397.4 397.4 512 256 512C114.6 512 0 397.4 0 256zM371.8 211.8C382.7 200.9 382.7 183.1 371.8 172.2C360.9 161.3 343.1 161.3 332.2 172.2L224 280.4L179.8 236.2C168.9 225.3 151.1 225.3 140.2 236.2C129.3 247.1 129.3 264.9 140.2 275.8L204.2 339.8C215.1 350.7 232.9 350.7 243.8 339.8L371.8 211.8z\"><\/path><\/svg><\/span><span class=\"uagb-icon-list__label\">basada en la eficiencia y la eficacia para realizar nuestro trabajo sin problemas.<\/span><\/div>\n<\/div><\/div>\n","protected":false},"excerpt":{"rendered":"<p>across spain dmc &amp; leisure travel se compromete a crear un valor a\u00f1adido para los clientes profesionales, corporativos o de ocio, ya sea a trav\u00e9s del asesoramiento de viajes, la creatividad, el poder de compra o el apoyo en tierra. across spain dmc tiene como objetivo integrar su conocimiento profesional en el destino Espa\u00f1a y [&hellip;]<\/p>\n","protected":false},"author":2,"featured_media":0,"parent":0,"menu_order":0,"comment_status":"closed","ping_status":"closed","template":"","meta":{"site-sidebar-layout":"default","site-content-layout":"","ast-site-content-layout":"default","site-content-style":"default","site-sidebar-style":"default","ast-global-header-display":"","ast-banner-title-visibility":"","ast-main-header-display":"","ast-hfb-above-header-display":"","ast-hfb-below-header-display":"","ast-hfb-mobile-header-display":"","site-post-title":"","ast-breadcrumbs-content":"","ast-featured-img":"disabled","footer-sml-layout":"","theme-transparent-header-meta":"","adv-header-id-meta":"","stick-header-meta":"","header-above-stick-meta":"","header-main-stick-meta":"","header-below-stick-meta":"","astra-migrate-meta-layouts":"set","ast-page-background-enabled":"default","ast-page-background-meta":{"desktop":{"background-color":"var(--ast-global-color-4)","background-image":"","background-repeat":"repeat","background-position":"center center","background-size":"auto","background-attachment":"scroll","background-type":"","background-media":"","overlay-type":"","overlay-color":"","overlay-opacity":"","overlay-gradient":""},"tablet":{"background-color":"","background-image":"","background-repeat":"repeat","background-position":"center center","background-size":"auto","background-attachment":"scroll","background-type":"","background-media":"","overlay-type":"","overlay-color":"","overlay-opacity":"","overlay-gradient":""},"mobile":{"background-color":"","background-image":"","background-repeat":"repeat","background-position":"center center","background-size":"auto","background-attachment":"scroll","background-type":"","background-media":"","overlay-type":"","overlay-color":"","overlay-opacity":"","overlay-gradient":""}},"ast-content-background-meta":{"desktop":{"background-color":"var(--ast-global-color-5)","background-image":"","background-repeat":"repeat","background-position":"center center","background-size":"auto","background-attachment":"scroll","background-type":"","background-media":"","overlay-type":"","overlay-color":"","overlay-opacity":"","overlay-gradient":""},"tablet":{"background-color":"var(--ast-global-color-5)","background-image":"","background-repeat":"repeat","background-position":"center center","background-size":"auto","background-attachment":"scroll","background-type":"","background-media":"","overlay-type":"","overlay-color":"","overlay-opacity":"","overlay-gradient":""},"mobile":{"background-color":"var(--ast-global-color-5)","background-image":"","background-repeat":"repeat","background-position":"center center","background-size":"auto","background-attachment":"scroll","background-type":"","background-media":"","overlay-type":"","overlay-color":"","overlay-opacity":"","overlay-gradient":""}},"footnotes":""},"class_list":["post-38","page","type-page","status-publish","hentry"],"yoast_head":"<!-- This site is optimized with the Yoast SEO plugin v27.3 - https:\/\/yoast.com\/product\/yoast-seo-wordpress\/ -->\n<title>Visi\u00f3n y Misi\u00f3n - across-spain.es<\/title>\n<meta name=\"robots\" content=\"index, follow, max-snippet:-1, max-image-preview:large, max-video-preview:-1\" \/>\n<link rel=\"canonical\" href=\"https:\/\/www.across-spain.es\/en\/vision-mision\/\" \/>\n<meta property=\"og:locale\" content=\"en_GB\" \/>\n<meta property=\"og:type\" content=\"article\" \/>\n<meta property=\"og:title\" content=\"Visi\u00f3n y Misi\u00f3n - across-spain.es\" \/>\n<meta property=\"og:description\" content=\"across spain dmc &amp; leisure travel se compromete a crear un valor a\u00f1adido para los clientes profesionales, corporativos o de ocio, ya sea a trav\u00e9s del asesoramiento de viajes, la creatividad, el poder de compra o el apoyo en tierra. across spain dmc tiene como objetivo integrar su conocimiento profesional en el destino Espa\u00f1a y [&hellip;]\" \/>\n<meta property=\"og:url\" content=\"https:\/\/www.across-spain.es\/en\/vision-mision\/\" \/>\n<meta property=\"og:site_name\" content=\"across-spain.es\" \/>\n<meta property=\"article:modified_time\" content=\"2024-10-15T13:32:19+00:00\" \/>\n<meta property=\"og:image\" content=\"https:\/\/www.across-spain.es\/wp-content\/uploads\/2022\/08\/vision-across-spain.webp\" \/>\n\t<meta property=\"og:image:width\" content=\"1280\" \/>\n\t<meta property=\"og:image:height\" content=\"821\" \/>\n\t<meta property=\"og:image:type\" content=\"image\/webp\" \/>\n<meta name=\"twitter:card\" content=\"summary_large_image\" \/>\n<meta name=\"twitter:label1\" content=\"Estimated reading time\" \/>\n\t<meta name=\"twitter:data1\" content=\"2 minutes\" \/>\n<script type=\"application\/ld+json\" class=\"yoast-schema-graph\">{\"@context\":\"https:\\\/\\\/schema.org\",\"@graph\":[{\"@type\":\"WebPage\",\"@id\":\"https:\\\/\\\/www.across-spain.es\\\/vision-mision\\\/\",\"url\":\"https:\\\/\\\/www.across-spain.es\\\/vision-mision\\\/\",\"name\":\"Visi\u00f3n y Misi\u00f3n - across-spain.es\",\"isPartOf\":{\"@id\":\"https:\\\/\\\/www.across-spain.es\\\/en\\\/#website\"},\"primaryImageOfPage\":{\"@id\":\"https:\\\/\\\/www.across-spain.es\\\/vision-mision\\\/#primaryimage\"},\"image\":{\"@id\":\"https:\\\/\\\/www.across-spain.es\\\/vision-mision\\\/#primaryimage\"},\"thumbnailUrl\":\"https:\\\/\\\/www.across-spain.es\\\/wp-content\\\/uploads\\\/2022\\\/12\\\/Vision-Mission.webp\",\"datePublished\":\"2022-08-10T15:16:27+00:00\",\"dateModified\":\"2024-10-15T13:32:19+00:00\",\"breadcrumb\":{\"@id\":\"https:\\\/\\\/www.across-spain.es\\\/vision-mision\\\/#breadcrumb\"},\"inLanguage\":\"en-GB\",\"potentialAction\":[{\"@type\":\"ReadAction\",\"target\":[\"https:\\\/\\\/www.across-spain.es\\\/vision-mision\\\/\"]}]},{\"@type\":\"ImageObject\",\"inLanguage\":\"en-GB\",\"@id\":\"https:\\\/\\\/www.across-spain.es\\\/vision-mision\\\/#primaryimage\",\"url\":\"https:\\\/\\\/www.across-spain.es\\\/wp-content\\\/uploads\\\/2022\\\/12\\\/Vision-Mission.webp\",\"contentUrl\":\"https:\\\/\\\/www.across-spain.es\\\/wp-content\\\/uploads\\\/2022\\\/12\\\/Vision-Mission.webp\"},{\"@type\":\"BreadcrumbList\",\"@id\":\"https:\\\/\\\/www.across-spain.es\\\/vision-mision\\\/#breadcrumb\",\"itemListElement\":[{\"@type\":\"ListItem\",\"position\":1,\"name\":\"Portada\",\"item\":\"https:\\\/\\\/www.across-spain.es\\\/\"},{\"@type\":\"ListItem\",\"position\":2,\"name\":\"Visi\u00f3n y Misi\u00f3n\"}]},{\"@type\":\"WebSite\",\"@id\":\"https:\\\/\\\/www.across-spain.es\\\/en\\\/#website\",\"url\":\"https:\\\/\\\/www.across-spain.es\\\/en\\\/\",\"name\":\"across-spain.es\",\"description\":\"\",\"publisher\":{\"@id\":\"https:\\\/\\\/www.across-spain.es\\\/en\\\/#organization\"},\"potentialAction\":[{\"@type\":\"SearchAction\",\"target\":{\"@type\":\"EntryPoint\",\"urlTemplate\":\"https:\\\/\\\/www.across-spain.es\\\/en\\\/?s={search_term_string}\"},\"query-input\":{\"@type\":\"PropertyValueSpecification\",\"valueRequired\":true,\"valueName\":\"search_term_string\"}}],\"inLanguage\":\"en-GB\"},{\"@type\":\"Organization\",\"@id\":\"https:\\\/\\\/www.across-spain.es\\\/en\\\/#organization\",\"name\":\"across-spain.es\",\"url\":\"https:\\\/\\\/www.across-spain.es\\\/en\\\/\",\"logo\":{\"@type\":\"ImageObject\",\"inLanguage\":\"en-GB\",\"@id\":\"https:\\\/\\\/www.across-spain.es\\\/en\\\/#\\\/schema\\\/logo\\\/image\\\/\",\"url\":\"https:\\\/\\\/www.across-spain.es\\\/wp-content\\\/uploads\\\/2022\\\/09\\\/LOGO-nuevo-AS-dmc-leisure.png\",\"contentUrl\":\"https:\\\/\\\/www.across-spain.es\\\/wp-content\\\/uploads\\\/2022\\\/09\\\/LOGO-nuevo-AS-dmc-leisure.png\",\"width\":1921,\"height\":473,\"caption\":\"across-spain.es\"},\"image\":{\"@id\":\"https:\\\/\\\/www.across-spain.es\\\/en\\\/#\\\/schema\\\/logo\\\/image\\\/\"}}]}<\/script>\n<!-- \/ Yoast SEO plugin. -->","yoast_head_json":{"title":"Visi\u00f3n y Misi\u00f3n - across-spain.es","robots":{"index":"index","follow":"follow","max-snippet":"max-snippet:-1","max-image-preview":"max-image-preview:large","max-video-preview":"max-video-preview:-1"},"canonical":"https:\/\/www.across-spain.es\/en\/vision-mision\/","og_locale":"en_GB","og_type":"article","og_title":"Visi\u00f3n y Misi\u00f3n - across-spain.es","og_description":"across spain dmc &amp; leisure travel se compromete a crear un valor a\u00f1adido para los clientes profesionales, corporativos o de ocio, ya sea a trav\u00e9s del asesoramiento de viajes, la creatividad, el poder de compra o el apoyo en tierra. across spain dmc tiene como objetivo integrar su conocimiento profesional en el destino Espa\u00f1a y [&hellip;]","og_url":"https:\/\/www.across-spain.es\/en\/vision-mision\/","og_site_name":"across-spain.es","article_modified_time":"2024-10-15T13:32:19+00:00","og_image":[{"width":1280,"height":821,"url":"https:\/\/www.across-spain.es\/wp-content\/uploads\/2022\/08\/vision-across-spain.webp","type":"image\/webp"}],"twitter_card":"summary_large_image","twitter_misc":{"Estimated reading time":"2 minutes"},"schema":{"@context":"https:\/\/schema.org","@graph":[{"@type":"WebPage","@id":"https:\/\/www.across-spain.es\/vision-mision\/","url":"https:\/\/www.across-spain.es\/vision-mision\/","name":"Visi\u00f3n y Misi\u00f3n - across-spain.es","isPartOf":{"@id":"https:\/\/www.across-spain.es\/en\/#website"},"primaryImageOfPage":{"@id":"https:\/\/www.across-spain.es\/vision-mision\/#primaryimage"},"image":{"@id":"https:\/\/www.across-spain.es\/vision-mision\/#primaryimage"},"thumbnailUrl":"https:\/\/www.across-spain.es\/wp-content\/uploads\/2022\/12\/Vision-Mission.webp","datePublished":"2022-08-10T15:16:27+00:00","dateModified":"2024-10-15T13:32:19+00:00","breadcrumb":{"@id":"https:\/\/www.across-spain.es\/vision-mision\/#breadcrumb"},"inLanguage":"en-GB","potentialAction":[{"@type":"ReadAction","target":["https:\/\/www.across-spain.es\/vision-mision\/"]}]},{"@type":"ImageObject","inLanguage":"en-GB","@id":"https:\/\/www.across-spain.es\/vision-mision\/#primaryimage","url":"https:\/\/www.across-spain.es\/wp-content\/uploads\/2022\/12\/Vision-Mission.webp","contentUrl":"https:\/\/www.across-spain.es\/wp-content\/uploads\/2022\/12\/Vision-Mission.webp"},{"@type":"BreadcrumbList","@id":"https:\/\/www.across-spain.es\/vision-mision\/#breadcrumb","itemListElement":[{"@type":"ListItem","position":1,"name":"Portada","item":"https:\/\/www.across-spain.es\/"},{"@type":"ListItem","position":2,"name":"Visi\u00f3n y Misi\u00f3n"}]},{"@type":"WebSite","@id":"https:\/\/www.across-spain.es\/en\/#website","url":"https:\/\/www.across-spain.es\/en\/","name":"across-spain.es","description":"","publisher":{"@id":"https:\/\/www.across-spain.es\/en\/#organization"},"potentialAction":[{"@type":"SearchAction","target":{"@type":"EntryPoint","urlTemplate":"https:\/\/www.across-spain.es\/en\/?s={search_term_string}"},"query-input":{"@type":"PropertyValueSpecification","valueRequired":true,"valueName":"search_term_string"}}],"inLanguage":"en-GB"},{"@type":"Organization","@id":"https:\/\/www.across-spain.es\/en\/#organization","name":"across-spain.es","url":"https:\/\/www.across-spain.es\/en\/","logo":{"@type":"ImageObject","inLanguage":"en-GB","@id":"https:\/\/www.across-spain.es\/en\/#\/schema\/logo\/image\/","url":"https:\/\/www.across-spain.es\/wp-content\/uploads\/2022\/09\/LOGO-nuevo-AS-dmc-leisure.png","contentUrl":"https:\/\/www.across-spain.es\/wp-content\/uploads\/2022\/09\/LOGO-nuevo-AS-dmc-leisure.png","width":1921,"height":473,"caption":"across-spain.es"},"image":{"@id":"https:\/\/www.across-spain.es\/en\/#\/schema\/logo\/image\/"}}]}},"_links":{"self":[{"href":"https:\/\/www.across-spain.es\/en\/wp-json\/wp\/v2\/pages\/38","targetHints":{"allow":["GET"]}}],"collection":[{"href":"https:\/\/www.across-spain.es\/en\/wp-json\/wp\/v2\/pages"}],"about":[{"href":"https:\/\/www.across-spain.es\/en\/wp-json\/wp\/v2\/types\/page"}],"author":[{"embeddable":true,"href":"https:\/\/www.across-spain.es\/en\/wp-json\/wp\/v2\/users\/2"}],"replies":[{"embeddable":true,"href":"https:\/\/www.across-spain.es\/en\/wp-json\/wp\/v2\/comments?post=38"}],"version-history":[{"count":33,"href":"https:\/\/www.across-spain.es\/en\/wp-json\/wp\/v2\/pages\/38\/revisions"}],"predecessor-version":[{"id":1636,"href":"https:\/\/www.across-spain.es\/en\/wp-json\/wp\/v2\/pages\/38\/revisions\/1636"}],"wp:attachment":[{"href":"https:\/\/www.across-spain.es\/en\/wp-json\/wp\/v2\/media?parent=38"}],"curies":[{"name":"wp","href":"https:\/\/api.w.org\/{rel}","templated":true}]}}